{"id":13,"date":"2025-03-18T02:10:11","date_gmt":"2025-03-18T02:10:11","guid":{"rendered":"https:\/\/vanguardiamobiliario.com\/checkout\/"},"modified":"2025-03-28T04:12:32","modified_gmt":"2025-03-28T11:12:32","slug":"checkout","status":"publish","type":"page","link":"https:\/\/vanguardiamobiliario.com\/en\/checkout\/","title":{"rendered":"Checkout"},"content":{"rendered":"<div data-elementor-type=\"wp-page\" data-elementor-id=\"13\" class=\"elementor elementor-13\" data-elementor-post-type=\"page\">\n\t\t\t\t\t\t<section class=\"elementor-section elementor-top-section elementor-element elementor-element-34b4c30e elementor-section-boxed elementor-section-height-default elementor-section-height-default\" data-id=\"34b4c30e\" data-element_type=\"section\">\n\t\t\t\t\t\t<div class=\"elementor-container elementor-column-gap-default\">\n\t\t\t\t\t<div class=\"elementor-column elementor-col-100 elementor-top-column elementor-element elementor-element-84fef46\" data-id=\"84fef46\" data-element_type=\"column\">\n\t\t\t<div class=\"elementor-widget-wrap elementor-element-populated\">\n\t\t\t\t\t\t<div class=\"elementor-element elementor-element-cf043cb e-checkout-layout-two-column elementor-widget elementor-widget-woocommerce-checkout-page\" data-id=\"cf043cb\" data-element_type=\"widget\" data-widget_type=\"woocommerce-checkout-page.default\">\n\t\t\t\t<div class=\"elementor-widget-container\">\n\t\t\t\t\t<div class=\"woocommerce\"><\/div>\t\t\t\t<\/div>\n\t\t\t\t<\/div>\n\t\t\t\t\t<\/div>\n\t\t<\/div>\n\t\t\t\t\t<\/div>\n\t\t<\/section>\n\t\t\t\t<\/div>","protected":false},"excerpt":{"rendered":"<p>Nombre&nbsp;* Apellido&nbsp;* Pa\u00eds\/Regi\u00f3n&nbsp;*Selecciona un pa\u00eds\/regi\u00f3n&hellip;Afganist\u00e1nAlbaniaAlemaniaAlgeriaAndorraAngolaAnguillaAnt\u00e1rtidaAntigua y BarbudaArabia SauditaArgentinaArmeniaArubaAustraliaAustriaAzerbaijanBahamasBahrainBangladeshBarbadosBelauB\u00e9lgicaBelizeBeninBermudaBhutanBielorrusiaBirmaniaBoliviaBonaire, San Eustaquio y SabaBosnia y HerzegovinaBotswanaBrasilBrun\u00e9iBulgariaBurkina FasoBurundiCabo VerdeCamboyaCamer\u00fanCanad\u00e1ChadChileChinaChipreCiudad del VaticanoColombiaComorasCongo (Brazzaville)Congo (Kinshasa)Corea del NorteCorea del SurCosta de MarfilCosta RicaCroaciaCubaCura&ccedil;aoDinamarcaDjiboutiDominicaEcuadorEgiptoEl SalvadorEmiratos \u00c1rabes UnidosEritreaEslovaquiaEsloveniaEspa\u00f1aEstados Unidos (EEUU)EstoniaEswatiniEtiop\u00edaFilipinasFinlandiaFiyiFranciaGab\u00f3nGambiaGeorgiaGhanaGibraltarGranadaGreciaGroenlandiaGuadalupeGuamGuatemalaGuayana FrancesaGuernseyGuineaGuinea EcuatorialGuinea-Bis\u00e1uGuyanaHait\u00edHondurasHong KongHungr\u00edaIndiaIndonesiaIrakIr\u00e1nIrlandaIsla BouvetIsla de ManIsla de NavidadIsla NorfolkIsla Santa ElenaIslandiaIslas \u00c5landIslas Caim\u00e1nIslas CocosIslas CookIslas de ultramar menores de Estados Unidos (EEUU)Islas FeroeIslas [&hellip;]<\/p>","protected":false},"author":1,"featured_media":0,"parent":0,"menu_order":3,"comment_status":"closed","ping_status":"closed","template":"","meta":{"footnotes":""},"class_list":["post-13","page","type-page","status-publish","hentry"],"yoast_head":"<!-- This site is optimized with the Yoast SEO plugin v26.7 - https:\/\/yoast.com\/wordpress\/plugins\/seo\/ -->\n<title>Checkout - Vanguardia<\/title>\n<meta name=\"robots\" content=\"index, follow, max-snippet:-1, max-image-preview:large, max-video-preview:-1\" \/>\n<link rel=\"canonical\" href=\"https:\/\/vanguardiamobiliario.com\/en\/checkout\/\" \/>\n<meta property=\"og:locale\" content=\"en_US\" \/>\n<meta property=\"og:type\" content=\"article\" \/>\n<meta property=\"og:title\" content=\"Checkout - Vanguardia\" \/>\n<meta property=\"og:description\" content=\"Nombre&nbsp;* Apellido&nbsp;* Pa\u00eds\/Regi\u00f3n&nbsp;*Selecciona un pa\u00eds\/regi\u00f3n&hellip;Afganist\u00e1nAlbaniaAlemaniaAlgeriaAndorraAngolaAnguillaAnt\u00e1rtidaAntigua y BarbudaArabia SauditaArgentinaArmeniaArubaAustraliaAustriaAzerbaijanBahamasBahrainBangladeshBarbadosBelauB\u00e9lgicaBelizeBeninBermudaBhutanBielorrusiaBirmaniaBoliviaBonaire, San Eustaquio y SabaBosnia y HerzegovinaBotswanaBrasilBrun\u00e9iBulgariaBurkina FasoBurundiCabo VerdeCamboyaCamer\u00fanCanad\u00e1ChadChileChinaChipreCiudad del VaticanoColombiaComorasCongo (Brazzaville)Congo (Kinshasa)Corea del NorteCorea del SurCosta de MarfilCosta RicaCroaciaCubaCura&ccedil;aoDinamarcaDjiboutiDominicaEcuadorEgiptoEl SalvadorEmiratos \u00c1rabes UnidosEritreaEslovaquiaEsloveniaEspa\u00f1aEstados Unidos (EEUU)EstoniaEswatiniEtiop\u00edaFilipinasFinlandiaFiyiFranciaGab\u00f3nGambiaGeorgiaGhanaGibraltarGranadaGreciaGroenlandiaGuadalupeGuamGuatemalaGuayana FrancesaGuernseyGuineaGuinea EcuatorialGuinea-Bis\u00e1uGuyanaHait\u00edHondurasHong KongHungr\u00edaIndiaIndonesiaIrakIr\u00e1nIrlandaIsla BouvetIsla de ManIsla de NavidadIsla NorfolkIsla Santa ElenaIslandiaIslas \u00c5landIslas Caim\u00e1nIslas CocosIslas CookIslas de ultramar menores de Estados Unidos (EEUU)Islas FeroeIslas [&hellip;]\" \/>\n<meta property=\"og:url\" content=\"https:\/\/vanguardiamobiliario.com\/en\/checkout\/\" \/>\n<meta property=\"og:site_name\" content=\"Vanguardia\" \/>\n<meta property=\"article:modified_time\" content=\"2025-03-28T11:12:32+00:00\" \/>\n<meta name=\"twitter:card\" content=\"summary_large_image\" \/>\n<meta name=\"twitter:label1\" content=\"Est. reading time\" \/>\n\t<meta name=\"twitter:data1\" content=\"2 minutes\" \/>\n<script type=\"application\/ld+json\" class=\"yoast-schema-graph\">{\"@context\":\"https:\/\/schema.org\",\"@graph\":[{\"@type\":\"WebPage\",\"@id\":\"https:\/\/vanguardiamobiliario.com\/checkout\/\",\"url\":\"https:\/\/vanguardiamobiliario.com\/checkout\/\",\"name\":\"Checkout - Vanguardia\",\"isPartOf\":{\"@id\":\"https:\/\/vanguardiamobiliario.com\/#website\"},\"datePublished\":\"2025-03-18T02:10:11+00:00\",\"dateModified\":\"2025-03-28T11:12:32+00:00\",\"breadcrumb\":{\"@id\":\"https:\/\/vanguardiamobiliario.com\/checkout\/#breadcrumb\"},\"inLanguage\":\"en-US\",\"potentialAction\":[{\"@type\":\"ReadAction\",\"target\":[\"https:\/\/vanguardiamobiliario.com\/checkout\/\"]}]},{\"@type\":\"BreadcrumbList\",\"@id\":\"https:\/\/vanguardiamobiliario.com\/checkout\/#breadcrumb\",\"itemListElement\":[{\"@type\":\"ListItem\",\"position\":1,\"name\":\"Inicio\",\"item\":\"https:\/\/vanguardiamobiliario.com\/\"},{\"@type\":\"ListItem\",\"position\":2,\"name\":\"Checkout\"}]},{\"@type\":\"WebSite\",\"@id\":\"https:\/\/vanguardiamobiliario.com\/#website\",\"url\":\"https:\/\/vanguardiamobiliario.com\/\",\"name\":\"Vanguardia Mobiliario\",\"description\":\"Decoraci&oacute;n y Mobiliario en Ensenada, B.C.\",\"publisher\":{\"@id\":\"https:\/\/vanguardiamobiliario.com\/#organization\"},\"potentialAction\":[{\"@type\":\"SearchAction\",\"target\":{\"@type\":\"EntryPoint\",\"urlTemplate\":\"https:\/\/vanguardiamobiliario.com\/?s={search_term_string}\"},\"query-input\":{\"@type\":\"PropertyValueSpecification\",\"valueRequired\":true,\"valueName\":\"search_term_string\"}}],\"inLanguage\":\"en-US\"},{\"@type\":\"Organization\",\"@id\":\"https:\/\/vanguardiamobiliario.com\/#organization\",\"name\":\"Vanguardia Mobiliario\",\"url\":\"https:\/\/vanguardiamobiliario.com\/\",\"logo\":{\"@type\":\"ImageObject\",\"inLanguage\":\"en-US\",\"@id\":\"https:\/\/vanguardiamobiliario.com\/#\/schema\/logo\/image\/\",\"url\":\"https:\/\/vanguardiamobiliario.com\/wp-content\/uploads\/2025\/03\/Asset-3.png\",\"contentUrl\":\"https:\/\/vanguardiamobiliario.com\/wp-content\/uploads\/2025\/03\/Asset-3.png\",\"width\":800,\"height\":92,\"caption\":\"Vanguardia Mobiliario\"},\"image\":{\"@id\":\"https:\/\/vanguardiamobiliario.com\/#\/schema\/logo\/image\/\"},\"sameAs\":[\"https:\/\/www.instagram.com\/vanguardiamobiliario\/\"]}]}<\/script>\n<!-- \/ Yoast SEO plugin. -->","yoast_head_json":{"title":"Checkout - Vanguardia","robots":{"index":"index","follow":"follow","max-snippet":"max-snippet:-1","max-image-preview":"max-image-preview:large","max-video-preview":"max-video-preview:-1"},"canonical":"https:\/\/vanguardiamobiliario.com\/en\/checkout\/","og_locale":"en_US","og_type":"article","og_title":"Checkout - Vanguardia","og_description":"Nombre&nbsp;* Apellido&nbsp;* Pa\u00eds\/Regi\u00f3n&nbsp;*Selecciona un pa\u00eds\/regi\u00f3n&hellip;Afganist\u00e1nAlbaniaAlemaniaAlgeriaAndorraAngolaAnguillaAnt\u00e1rtidaAntigua y BarbudaArabia SauditaArgentinaArmeniaArubaAustraliaAustriaAzerbaijanBahamasBahrainBangladeshBarbadosBelauB\u00e9lgicaBelizeBeninBermudaBhutanBielorrusiaBirmaniaBoliviaBonaire, San Eustaquio y SabaBosnia y HerzegovinaBotswanaBrasilBrun\u00e9iBulgariaBurkina FasoBurundiCabo VerdeCamboyaCamer\u00fanCanad\u00e1ChadChileChinaChipreCiudad del VaticanoColombiaComorasCongo (Brazzaville)Congo (Kinshasa)Corea del NorteCorea del SurCosta de MarfilCosta RicaCroaciaCubaCura&ccedil;aoDinamarcaDjiboutiDominicaEcuadorEgiptoEl SalvadorEmiratos \u00c1rabes UnidosEritreaEslovaquiaEsloveniaEspa\u00f1aEstados Unidos (EEUU)EstoniaEswatiniEtiop\u00edaFilipinasFinlandiaFiyiFranciaGab\u00f3nGambiaGeorgiaGhanaGibraltarGranadaGreciaGroenlandiaGuadalupeGuamGuatemalaGuayana FrancesaGuernseyGuineaGuinea EcuatorialGuinea-Bis\u00e1uGuyanaHait\u00edHondurasHong KongHungr\u00edaIndiaIndonesiaIrakIr\u00e1nIrlandaIsla BouvetIsla de ManIsla de NavidadIsla NorfolkIsla Santa ElenaIslandiaIslas \u00c5landIslas Caim\u00e1nIslas CocosIslas CookIslas de ultramar menores de Estados Unidos (EEUU)Islas FeroeIslas [&hellip;]","og_url":"https:\/\/vanguardiamobiliario.com\/en\/checkout\/","og_site_name":"Vanguardia","article_modified_time":"2025-03-28T11:12:32+00:00","twitter_card":"summary_large_image","twitter_misc":{"Est. reading time":"2 minutes"},"schema":{"@context":"https:\/\/schema.org","@graph":[{"@type":"WebPage","@id":"https:\/\/vanguardiamobiliario.com\/checkout\/","url":"https:\/\/vanguardiamobiliario.com\/checkout\/","name":"Checkout - Vanguardia","isPartOf":{"@id":"https:\/\/vanguardiamobiliario.com\/#website"},"datePublished":"2025-03-18T02:10:11+00:00","dateModified":"2025-03-28T11:12:32+00:00","breadcrumb":{"@id":"https:\/\/vanguardiamobiliario.com\/checkout\/#breadcrumb"},"inLanguage":"en-US","potentialAction":[{"@type":"ReadAction","target":["https:\/\/vanguardiamobiliario.com\/checkout\/"]}]},{"@type":"BreadcrumbList","@id":"https:\/\/vanguardiamobiliario.com\/checkout\/#breadcrumb","itemListElement":[{"@type":"ListItem","position":1,"name":"Inicio","item":"https:\/\/vanguardiamobiliario.com\/"},{"@type":"ListItem","position":2,"name":"Checkout"}]},{"@type":"WebSite","@id":"https:\/\/vanguardiamobiliario.com\/#website","url":"https:\/\/vanguardiamobiliario.com\/","name":"Vanguardia Mobiliario","description":"Decoraci&oacute;n y Mobiliario en Ensenada, B.C.","publisher":{"@id":"https:\/\/vanguardiamobiliario.com\/#organization"},"potentialAction":[{"@type":"SearchAction","target":{"@type":"EntryPoint","urlTemplate":"https:\/\/vanguardiamobiliario.com\/?s={search_term_string}"},"query-input":{"@type":"PropertyValueSpecification","valueRequired":true,"valueName":"search_term_string"}}],"inLanguage":"en-US"},{"@type":"Organization","@id":"https:\/\/vanguardiamobiliario.com\/#organization","name":"Vanguardia Mobiliario","url":"https:\/\/vanguardiamobiliario.com\/","logo":{"@type":"ImageObject","inLanguage":"en-US","@id":"https:\/\/vanguardiamobiliario.com\/#\/schema\/logo\/image\/","url":"https:\/\/vanguardiamobiliario.com\/wp-content\/uploads\/2025\/03\/Asset-3.png","contentUrl":"https:\/\/vanguardiamobiliario.com\/wp-content\/uploads\/2025\/03\/Asset-3.png","width":800,"height":92,"caption":"Vanguardia Mobiliario"},"image":{"@id":"https:\/\/vanguardiamobiliario.com\/#\/schema\/logo\/image\/"},"sameAs":["https:\/\/www.instagram.com\/vanguardiamobiliario\/"]}]}},"_links":{"self":[{"href":"https:\/\/vanguardiamobiliario.com\/en\/wp-json\/wp\/v2\/pages\/13","targetHints":{"allow":["GET"]}}],"collection":[{"href":"https:\/\/vanguardiamobiliario.com\/en\/wp-json\/wp\/v2\/pages"}],"about":[{"href":"https:\/\/vanguardiamobiliario.com\/en\/wp-json\/wp\/v2\/types\/page"}],"author":[{"embeddable":true,"href":"https:\/\/vanguardiamobiliario.com\/en\/wp-json\/wp\/v2\/users\/1"}],"replies":[{"embeddable":true,"href":"https:\/\/vanguardiamobiliario.com\/en\/wp-json\/wp\/v2\/comments?post=13"}],"version-history":[{"count":32,"href":"https:\/\/vanguardiamobiliario.com\/en\/wp-json\/wp\/v2\/pages\/13\/revisions"}],"predecessor-version":[{"id":572,"href":"https:\/\/vanguardiamobiliario.com\/en\/wp-json\/wp\/v2\/pages\/13\/revisions\/572"}],"wp:attachment":[{"href":"https:\/\/vanguardiamobiliario.com\/en\/wp-json\/wp\/v2\/media?parent=13"}],"curies":[{"name":"wp","href":"https:\/\/api.w.org\/{rel}","templated":true}]}}