{"id":576,"date":"2025-03-28T04:52:46","date_gmt":"2025-03-28T11:52:46","guid":{"rendered":"https:\/\/vanguardiamobiliario.com\/?page_id=576"},"modified":"2025-03-28T04:58:12","modified_gmt":"2025-03-28T11:58:12","slug":"gracias","status":"publish","type":"page","link":"https:\/\/vanguardiamobiliario.com\/en\/gracias\/","title":{"rendered":"Gracias"},"content":{"rendered":"<div data-elementor-type=\"wp-page\" data-elementor-id=\"576\" class=\"elementor elementor-576\" data-elementor-post-type=\"page\">\n\t\t\t\t\t\t<section class=\"elementor-section elementor-top-section elementor-element elementor-element-a01a070 elementor-section-height-min-height elementor-section-boxed elementor-section-height-default elementor-section-items-middle\" data-id=\"a01a070\" data-element_type=\"section\" data-settings=\"{&quot;background_background&quot;:&quot;classic&quot;}\">\n\t\t\t\t\t\t\t<div class=\"elementor-background-overlay\"><\/div>\n\t\t\t\t\t\t\t<div class=\"elementor-container elementor-column-gap-default\">\n\t\t\t\t\t<div class=\"elementor-column elementor-col-100 elementor-top-column elementor-element elementor-element-475c5d2\" data-id=\"475c5d2\" data-element_type=\"column\">\n\t\t\t<div class=\"elementor-widget-wrap elementor-element-populated\">\n\t\t\t\t\t\t<div class=\"elementor-element elementor-element-df67287 elementor-invisible elementor-widget elementor-widget-heading\" data-id=\"df67287\" data-element_type=\"widget\" data-settings=\"{&quot;_animation&quot;:&quot;fadeInUp&quot;}\" data-widget_type=\"heading.default\">\n\t\t\t\t<div class=\"elementor-widget-container\">\n\t\t\t\t\t<h1 class=\"elementor-heading-title elementor-size-default\">Gracias por tu inter\u00e9s en Vanguardia.<\/h1>\t\t\t\t<\/div>\n\t\t\t\t<\/div>\n\t\t\t\t<div class=\"elementor-element elementor-element-f0be4ad elementor-invisible elementor-widget elementor-widget-heading\" data-id=\"f0be4ad\" data-element_type=\"widget\" data-settings=\"{&quot;_animation&quot;:&quot;fadeInUp&quot;,&quot;_animation_delay&quot;:200}\" data-widget_type=\"heading.default\">\n\t\t\t\t<div class=\"elementor-widget-container\">\n\t\t\t\t\t<h3 class=\"elementor-heading-title elementor-size-default\">Estaremos contact\u00e1ndote para darle seguimiento a tu cotizaci\u00f3n.<\/h3>\t\t\t\t<\/div>\n\t\t\t\t<\/div>\n\t\t\t\t\t<\/div>\n\t\t<\/div>\n\t\t\t\t\t<\/div>\n\t\t<\/section>\n\t\t\t\t<\/div>","protected":false},"excerpt":{"rendered":"<p>Gracias por tu inter\u00e9s en Vanguardia. Estaremos contact\u00e1ndote para darle seguimiento a tu cotizaci\u00f3n.<\/p>","protected":false},"author":1,"featured_media":0,"parent":0,"menu_order":9,"comment_status":"closed","ping_status":"closed","template":"elementor_header_footer","meta":{"footnotes":""},"class_list":["post-576","page","type-page","status-publish","hentry"],"yoast_head":"<!-- This site is optimized with the Yoast SEO plugin v26.7 - https:\/\/yoast.com\/wordpress\/plugins\/seo\/ -->\n<title>Gracias - Vanguardia<\/title>\n<meta name=\"robots\" content=\"index, follow, max-snippet:-1, max-image-preview:large, max-video-preview:-1\" \/>\n<link rel=\"canonical\" href=\"https:\/\/vanguardiamobiliario.com\/en\/gracias\/\" \/>\n<meta property=\"og:locale\" content=\"en_US\" \/>\n<meta property=\"og:type\" content=\"article\" \/>\n<meta property=\"og:title\" content=\"Gracias - Vanguardia\" \/>\n<meta property=\"og:description\" content=\"Gracias por tu inter\u00e9s en Vanguardia. Estaremos contact\u00e1ndote para darle seguimiento a tu cotizaci\u00f3n.\" \/>\n<meta property=\"og:url\" content=\"https:\/\/vanguardiamobiliario.com\/en\/gracias\/\" \/>\n<meta property=\"og:site_name\" content=\"Vanguardia\" \/>\n<meta property=\"article:modified_time\" content=\"2025-03-28T11:58:12+00:00\" \/>\n<meta name=\"twitter:card\" content=\"summary_large_image\" \/>\n<script type=\"application\/ld+json\" class=\"yoast-schema-graph\">{\"@context\":\"https:\/\/schema.org\",\"@graph\":[{\"@type\":\"WebPage\",\"@id\":\"https:\/\/vanguardiamobiliario.com\/gracias\/\",\"url\":\"https:\/\/vanguardiamobiliario.com\/gracias\/\",\"name\":\"Gracias - Vanguardia\",\"isPartOf\":{\"@id\":\"https:\/\/vanguardiamobiliario.com\/#website\"},\"datePublished\":\"2025-03-28T11:52:46+00:00\",\"dateModified\":\"2025-03-28T11:58:12+00:00\",\"breadcrumb\":{\"@id\":\"https:\/\/vanguardiamobiliario.com\/gracias\/#breadcrumb\"},\"inLanguage\":\"en-US\",\"potentialAction\":[{\"@type\":\"ReadAction\",\"target\":[\"https:\/\/vanguardiamobiliario.com\/gracias\/\"]}]},{\"@type\":\"BreadcrumbList\",\"@id\":\"https:\/\/vanguardiamobiliario.com\/gracias\/#breadcrumb\",\"itemListElement\":[{\"@type\":\"ListItem\",\"position\":1,\"name\":\"Inicio\",\"item\":\"https:\/\/vanguardiamobiliario.com\/\"},{\"@type\":\"ListItem\",\"position\":2,\"name\":\"Gracias\"}]},{\"@type\":\"WebSite\",\"@id\":\"https:\/\/vanguardiamobiliario.com\/#website\",\"url\":\"https:\/\/vanguardiamobiliario.com\/\",\"name\":\"Vanguardia Mobiliario\",\"description\":\"Decoraci&oacute;n y Mobiliario en Ensenada, B.C.\",\"publisher\":{\"@id\":\"https:\/\/vanguardiamobiliario.com\/#organization\"},\"potentialAction\":[{\"@type\":\"SearchAction\",\"target\":{\"@type\":\"EntryPoint\",\"urlTemplate\":\"https:\/\/vanguardiamobiliario.com\/?s={search_term_string}\"},\"query-input\":{\"@type\":\"PropertyValueSpecification\",\"valueRequired\":true,\"valueName\":\"search_term_string\"}}],\"inLanguage\":\"en-US\"},{\"@type\":\"Organization\",\"@id\":\"https:\/\/vanguardiamobiliario.com\/#organization\",\"name\":\"Vanguardia Mobiliario\",\"url\":\"https:\/\/vanguardiamobiliario.com\/\",\"logo\":{\"@type\":\"ImageObject\",\"inLanguage\":\"en-US\",\"@id\":\"https:\/\/vanguardiamobiliario.com\/#\/schema\/logo\/image\/\",\"url\":\"https:\/\/vanguardiamobiliario.com\/wp-content\/uploads\/2025\/03\/Asset-3.png\",\"contentUrl\":\"https:\/\/vanguardiamobiliario.com\/wp-content\/uploads\/2025\/03\/Asset-3.png\",\"width\":800,\"height\":92,\"caption\":\"Vanguardia Mobiliario\"},\"image\":{\"@id\":\"https:\/\/vanguardiamobiliario.com\/#\/schema\/logo\/image\/\"},\"sameAs\":[\"https:\/\/www.instagram.com\/vanguardiamobiliario\/\"]}]}<\/script>\n<!-- \/ Yoast SEO plugin. -->","yoast_head_json":{"title":"Gracias - Vanguardia","robots":{"index":"index","follow":"follow","max-snippet":"max-snippet:-1","max-image-preview":"max-image-preview:large","max-video-preview":"max-video-preview:-1"},"canonical":"https:\/\/vanguardiamobiliario.com\/en\/gracias\/","og_locale":"en_US","og_type":"article","og_title":"Gracias - Vanguardia","og_description":"Gracias por tu inter\u00e9s en Vanguardia. Estaremos contact\u00e1ndote para darle seguimiento a tu cotizaci\u00f3n.","og_url":"https:\/\/vanguardiamobiliario.com\/en\/gracias\/","og_site_name":"Vanguardia","article_modified_time":"2025-03-28T11:58:12+00:00","twitter_card":"summary_large_image","schema":{"@context":"https:\/\/schema.org","@graph":[{"@type":"WebPage","@id":"https:\/\/vanguardiamobiliario.com\/gracias\/","url":"https:\/\/vanguardiamobiliario.com\/gracias\/","name":"Gracias - Vanguardia","isPartOf":{"@id":"https:\/\/vanguardiamobiliario.com\/#website"},"datePublished":"2025-03-28T11:52:46+00:00","dateModified":"2025-03-28T11:58:12+00:00","breadcrumb":{"@id":"https:\/\/vanguardiamobiliario.com\/gracias\/#breadcrumb"},"inLanguage":"en-US","potentialAction":[{"@type":"ReadAction","target":["https:\/\/vanguardiamobiliario.com\/gracias\/"]}]},{"@type":"BreadcrumbList","@id":"https:\/\/vanguardiamobiliario.com\/gracias\/#breadcrumb","itemListElement":[{"@type":"ListItem","position":1,"name":"Inicio","item":"https:\/\/vanguardiamobiliario.com\/"},{"@type":"ListItem","position":2,"name":"Gracias"}]},{"@type":"WebSite","@id":"https:\/\/vanguardiamobiliario.com\/#website","url":"https:\/\/vanguardiamobiliario.com\/","name":"Vanguardia Mobiliario","description":"Decoraci&oacute;n y Mobiliario en Ensenada, B.C.","publisher":{"@id":"https:\/\/vanguardiamobiliario.com\/#organization"},"potentialAction":[{"@type":"SearchAction","target":{"@type":"EntryPoint","urlTemplate":"https:\/\/vanguardiamobiliario.com\/?s={search_term_string}"},"query-input":{"@type":"PropertyValueSpecification","valueRequired":true,"valueName":"search_term_string"}}],"inLanguage":"en-US"},{"@type":"Organization","@id":"https:\/\/vanguardiamobiliario.com\/#organization","name":"Vanguardia Mobiliario","url":"https:\/\/vanguardiamobiliario.com\/","logo":{"@type":"ImageObject","inLanguage":"en-US","@id":"https:\/\/vanguardiamobiliario.com\/#\/schema\/logo\/image\/","url":"https:\/\/vanguardiamobiliario.com\/wp-content\/uploads\/2025\/03\/Asset-3.png","contentUrl":"https:\/\/vanguardiamobiliario.com\/wp-content\/uploads\/2025\/03\/Asset-3.png","width":800,"height":92,"caption":"Vanguardia Mobiliario"},"image":{"@id":"https:\/\/vanguardiamobiliario.com\/#\/schema\/logo\/image\/"},"sameAs":["https:\/\/www.instagram.com\/vanguardiamobiliario\/"]}]}},"_links":{"self":[{"href":"https:\/\/vanguardiamobiliario.com\/en\/wp-json\/wp\/v2\/pages\/576","targetHints":{"allow":["GET"]}}],"collection":[{"href":"https:\/\/vanguardiamobiliario.com\/en\/wp-json\/wp\/v2\/pages"}],"about":[{"href":"https:\/\/vanguardiamobiliario.com\/en\/wp-json\/wp\/v2\/types\/page"}],"author":[{"embeddable":true,"href":"https:\/\/vanguardiamobiliario.com\/en\/wp-json\/wp\/v2\/users\/1"}],"replies":[{"embeddable":true,"href":"https:\/\/vanguardiamobiliario.com\/en\/wp-json\/wp\/v2\/comments?post=576"}],"version-history":[{"count":6,"href":"https:\/\/vanguardiamobiliario.com\/en\/wp-json\/wp\/v2\/pages\/576\/revisions"}],"predecessor-version":[{"id":583,"href":"https:\/\/vanguardiamobiliario.com\/en\/wp-json\/wp\/v2\/pages\/576\/revisions\/583"}],"wp:attachment":[{"href":"https:\/\/vanguardiamobiliario.com\/en\/wp-json\/wp\/v2\/media?parent=576"}],"curies":[{"name":"wp","href":"https:\/\/api.w.org\/{rel}","templated":true}]}}